{"id":150,"date":"2025-08-25T18:23:54","date_gmt":"2025-08-25T18:23:54","guid":{"rendered":"https:\/\/iddpmi35c.com\/?page_id=150"},"modified":"2025-10-06T00:44:46","modified_gmt":"2025-10-06T00:44:46","slug":"nuestros-servicios","status":"publish","type":"page","link":"https:\/\/iddpmi35c.com\/?page_id=150","title":{"rendered":"NUESTROS SERVICIOS"},"content":{"rendered":"\n<p><\/p>\n\n\n<div class=\"aligncenter animated fadeInUp slower wp-block-site-logo\"><a href=\"https:\/\/iddpmi35c.com\/\" class=\"custom-logo-link\" rel=\"home\"><img loading=\"lazy\" decoding=\"async\" width=\"118\" height=\"120\" src=\"https:\/\/iddpmi35c.com\/wp-content\/uploads\/2025\/07\/LOGO-IDIOSPEN-MI.png\" class=\"custom-logo\" alt=\"Iglesia de Dios Pentecostal M.I. \" srcset=\"https:\/\/iddpmi35c.com\/wp-content\/uploads\/2025\/07\/LOGO-IDIOSPEN-MI.png 2228w, https:\/\/iddpmi35c.com\/wp-content\/uploads\/2025\/07\/LOGO-IDIOSPEN-MI-294x300.png 294w, https:\/\/iddpmi35c.com\/wp-content\/uploads\/2025\/07\/LOGO-IDIOSPEN-MI-1005x1024.png 1005w, https:\/\/iddpmi35c.com\/wp-content\/uploads\/2025\/07\/LOGO-IDIOSPEN-MI-768x783.png 768w, https:\/\/iddpmi35c.com\/wp-content\/uploads\/2025\/07\/LOGO-IDIOSPEN-MI-1507x1536.png 1507w, https:\/\/iddpmi35c.com\/wp-content\/uploads\/2025\/07\/LOGO-IDIOSPEN-MI-2009x2048.png 2009w\" sizes=\"auto, (max-width: 118px) 100vw, 118px\" \/><\/a><\/div>\n\n\n<div class=\"wp-block-group alignwide is-content-justification-space-between is-nowrap is-layout-flex wp-container-core-group-is-layout-cb46ffcb wp-block-group-is-layout-flex\">\n<div class=\"wp-block-group is-nowrap is-layout-flex wp-container-core-group-is-layout-fc054d2d wp-block-group-is-layout-flex\"><\/div>\n\n\n<h1 class=\"has-text-align-center animated fadeInUp slower wp-block-site-title\"><a href=\"https:\/\/iddpmi35c.com\" target=\"_self\" rel=\"home\">Iglesia de Dios Pentecostal M.I. <\/a><\/h1>\n\n\n<div class=\"wp-block-group is-nowrap is-layout-flex wp-container-core-group-is-layout-6c531013 wp-block-group-is-layout-flex\">\n<div class=\"wp-block-columns is-layout-flex wp-container-core-columns-is-layout-28f84493 wp-block-columns-is-layout-flex\">\n<div class=\"wp-block-column is-layout-flow wp-block-column-is-layout-flow\" style=\"flex-basis:100%\">\n<div class=\"wp-block-columns is-layout-flex wp-container-core-columns-is-layout-28f84493 wp-block-columns-is-layout-flex\">\n<div class=\"wp-block-column is-layout-flow wp-block-column-is-layout-flow\" style=\"flex-basis:100%\">\n<div class=\"wp-block-group is-layout-constrained wp-block-group-is-layout-constrained\">\n<div class=\"wp-block-columns is-layout-flex wp-container-core-columns-is-layout-28f84493 wp-block-columns-is-layout-flex\">\n<div class=\"wp-block-column is-layout-flow wp-block-column-is-layout-flow\" style=\"flex-basis:100%\"><\/div>\n<\/div>\n<\/div>\n<\/div>\n<\/div>\n<\/div>\n<\/div>\n<\/div>\n<\/div>\n\n\n\n<div class=\"wp-block-group is-layout-constrained wp-block-group-is-layout-constrained\">\n<div class=\"wp-block-media-text alignfull is-stacked-on-mobile animated backInLeft slower\" style=\"grid-template-columns:17% auto\"><figure class=\"wp-block-media-text__media\"><a href=\"https:\/\/www.facebook.com\/SociedadDeDamas35ylaC\" target=\"_blank\" rel=\" noreferrer noopener\"><img loading=\"lazy\" decoding=\"async\" width=\"500\" height=\"500\" src=\"https:\/\/iddpmi35c.com\/wp-content\/uploads\/2025\/08\/adames_35c-removebg-preview-ya-1-1.png\" alt=\"\" class=\"wp-image-154 size-full\" srcset=\"https:\/\/iddpmi35c.com\/wp-content\/uploads\/2025\/08\/adames_35c-removebg-preview-ya-1-1.png 500w, https:\/\/iddpmi35c.com\/wp-content\/uploads\/2025\/08\/adames_35c-removebg-preview-ya-1-1-300x300.png 300w, https:\/\/iddpmi35c.com\/wp-content\/uploads\/2025\/08\/adames_35c-removebg-preview-ya-1-1-150x150.png 150w\" sizes=\"auto, (max-width: 500px) 100vw, 500px\" \/><\/a><\/figure><div class=\"wp-block-media-text__content\">\n<h3 class=\"wp-block-heading\">MARTES<\/h3>\n\n\n\n<p><font dir=\"auto\" style=\"vertical-align: inherit;\"><font dir=\"auto\" style=\"vertical-align: inherit;\">Todos los d\u00edas Martes a partir de las 7:30 PM tenemos nuestro servicio dirigido para todos, el cual a su vez, est\u00e1 organizado por las Damas de nuestra congregaci\u00f3n.<\/font><\/font><\/p>\n<\/div><\/div>\n<\/div>\n\n\n\n<hr class=\"wp-block-separator has-alpha-channel-opacity is-style-wide\"\/>\n\n\n\n<div class=\"wp-block-media-text has-media-on-the-right is-stacked-on-mobile animated backInRight slower\" style=\"grid-template-columns:auto 17%\"><div class=\"wp-block-media-text__content\">\n<h3 class=\"wp-block-heading has-text-align-right\">JUEVES<\/h3>\n\n\n\n<p>Todos los d\u00edas Jueves a partir de las 7:30 PM tenemos nuestro servicio dirigido para todos, el cual a su vez, es organizado por los Caballreos de nuestra congregaci\u00f3n.<\/p>\n<\/div><figure class=\"wp-block-media-text__media\"><a href=\"https:\/\/www.facebook.com\/profile.php?id=100070908140318\" target=\"_blank\" rel=\" noreferrer noopener\"><img loading=\"lazy\" decoding=\"async\" width=\"719\" height=\"719\" src=\"https:\/\/iddpmi35c.com\/wp-content\/uploads\/2025\/08\/caballeros-no-ya.png\" alt=\"\" class=\"wp-image-157 size-full\" srcset=\"https:\/\/iddpmi35c.com\/wp-content\/uploads\/2025\/08\/caballeros-no-ya.png 719w, https:\/\/iddpmi35c.com\/wp-content\/uploads\/2025\/08\/caballeros-no-ya-300x300.png 300w, https:\/\/iddpmi35c.com\/wp-content\/uploads\/2025\/08\/caballeros-no-ya-150x150.png 150w\" sizes=\"auto, (max-width: 719px) 100vw, 719px\" \/><\/a><\/figure><\/div>\n\n\n\n<hr class=\"wp-block-separator has-alpha-channel-opacity is-style-wide\"\/>\n\n\n\n<div class=\"wp-block-media-text is-stacked-on-mobile animated backInLeft slower\" style=\"grid-template-columns:18% auto\"><figure class=\"wp-block-media-text__media\"><a href=\"https:\/\/www.facebook.com\/joyasdecristo.35ylac\" target=\"_blank\" rel=\" noreferrer noopener\"><img loading=\"lazy\" decoding=\"async\" width=\"936\" height=\"936\" src=\"https:\/\/iddpmi35c.com\/wp-content\/uploads\/2025\/08\/joyas-de-cristo-no-fotor-2025082512568.png\" alt=\"\" class=\"wp-image-164 size-full\" srcset=\"https:\/\/iddpmi35c.com\/wp-content\/uploads\/2025\/08\/joyas-de-cristo-no-fotor-2025082512568.png 936w, https:\/\/iddpmi35c.com\/wp-content\/uploads\/2025\/08\/joyas-de-cristo-no-fotor-2025082512568-300x300.png 300w, https:\/\/iddpmi35c.com\/wp-content\/uploads\/2025\/08\/joyas-de-cristo-no-fotor-2025082512568-150x150.png 150w, https:\/\/iddpmi35c.com\/wp-content\/uploads\/2025\/08\/joyas-de-cristo-no-fotor-2025082512568-768x768.png 768w\" sizes=\"auto, (max-width: 936px) 100vw, 936px\" \/><\/a><\/figure><div class=\"wp-block-media-text__content\">\n<h3 class=\"wp-block-heading\">VIERNES<\/h3>\n\n\n\n<p>Todos los d\u00edas Viernes a partir de las 5:45 PM tenemos nuestro servicio dirigido para todos, el cual a su vez, es organizado por los Ni\u00f1os de nuestra congregaci\u00f3n.<\/p>\n<\/div><\/div>\n\n\n\n<hr class=\"wp-block-separator has-alpha-channel-opacity is-style-wide\"\/>\n\n\n\n<div class=\"wp-block-media-text has-media-on-the-right is-stacked-on-mobile animated backInRight slower\" style=\"grid-template-columns:auto 18%\"><div class=\"wp-block-media-text__content\">\n<h3 class=\"wp-block-heading has-text-align-right\">S\u00c1BADO<\/h3>\n\n\n\n<p>Todos los d\u00edas S\u00e1bado a partir de las 7:30 PM tenemos nuestro servicio dirigido para todos, el cual a su vez, es organizado por los J\u00f3venes de nuestra congregaci\u00f3n.<\/p>\n<\/div><figure class=\"wp-block-media-text__media\"><a href=\"https:\/\/www.facebook.com\/Jovenes35ylaC\" target=\"_blank\" rel=\" noreferrer noopener\"><img loading=\"lazy\" decoding=\"async\" width=\"449\" height=\"449\" src=\"https:\/\/iddpmi35c.com\/wp-content\/uploads\/2025\/08\/ajec-35-fotor-20250825125145.png\" alt=\"\" class=\"wp-image-163 size-full\" srcset=\"https:\/\/iddpmi35c.com\/wp-content\/uploads\/2025\/08\/ajec-35-fotor-20250825125145.png 449w, https:\/\/iddpmi35c.com\/wp-content\/uploads\/2025\/08\/ajec-35-fotor-20250825125145-300x300.png 300w, https:\/\/iddpmi35c.com\/wp-content\/uploads\/2025\/08\/ajec-35-fotor-20250825125145-150x150.png 150w\" sizes=\"auto, (max-width: 449px) 100vw, 449px\" \/><\/a><\/figure><\/div>\n\n\n\n<hr class=\"wp-block-separator has-alpha-channel-opacity is-style-wide\"\/>\n\n\n\n<div class=\"wp-block-media-text is-stacked-on-mobile animated backInLeft slower\" style=\"grid-template-columns:19% auto\"><figure class=\"wp-block-media-text__media\"><a href=\"https:\/\/www.facebook.com\/iddpmi35ylac\" target=\"_blank\" rel=\" noreferrer noopener\"><img loading=\"lazy\" decoding=\"async\" width=\"225\" height=\"225\" src=\"https:\/\/iddpmi35c.com\/wp-content\/uploads\/2025\/08\/35-y-la-c-fotor-20250825131028.png\" alt=\"\" class=\"wp-image-166 size-full\" srcset=\"https:\/\/iddpmi35c.com\/wp-content\/uploads\/2025\/08\/35-y-la-c-fotor-20250825131028.png 225w, https:\/\/iddpmi35c.com\/wp-content\/uploads\/2025\/08\/35-y-la-c-fotor-20250825131028-150x150.png 150w\" sizes=\"auto, (max-width: 225px) 100vw, 225px\" \/><\/a><\/figure><div class=\"wp-block-media-text__content\">\n<h3 class=\"wp-block-heading\">DOMINGO<\/h3>\n\n\n\n<p>Todos los d\u00edas Domingo a partir de las 8:00 AM y 6:00 PM tenemos nuestros dos servicios dirigidos para todos, el cual a su vez, cada semana es organizado por PROTEMPLO, Misiones y Evangelismo o ASSPEN.<\/p>\n<\/div><\/div>\n\n\n\n<hr class=\"wp-block-separator has-alpha-channel-opacity is-style-wide\"\/>\n\n\n\n<div class=\"wp-block-media-text has-media-on-the-right is-stacked-on-mobile animated backInRight slower\" style=\"grid-template-columns:auto 19%\"><div class=\"wp-block-media-text__content\">\n<h3 class=\"wp-block-heading has-text-align-right\">LUNES Y MI\u00c9RCOLES<\/h3>\n\n\n\n<p>Todos los Lunes y Mi\u00e9rcoles, a partir de las 19H00 (7:00 PM) somos sede de nuestro Seminario B\u00edblico MIZPA.<\/p>\n<\/div><figure class=\"wp-block-media-text__media\"><a href=\"https:\/\/www.facebook.com\/profile.php?id=100068405794235\" target=\"_blank\" rel=\" noreferrer noopener\"><img loading=\"lazy\" decoding=\"async\" width=\"960\" height=\"960\" src=\"https:\/\/iddpmi35c.com\/wp-content\/uploads\/2025\/08\/mizpa-fotor-20250825132252.png\" alt=\"\" class=\"wp-image-167 size-full\" srcset=\"https:\/\/iddpmi35c.com\/wp-content\/uploads\/2025\/08\/mizpa-fotor-20250825132252.png 960w, https:\/\/iddpmi35c.com\/wp-content\/uploads\/2025\/08\/mizpa-fotor-20250825132252-300x300.png 300w, https:\/\/iddpmi35c.com\/wp-content\/uploads\/2025\/08\/mizpa-fotor-20250825132252-150x150.png 150w, https:\/\/iddpmi35c.com\/wp-content\/uploads\/2025\/08\/mizpa-fotor-20250825132252-768x768.png 768w\" sizes=\"auto, (max-width: 960px) 100vw, 960px\" \/><\/a><\/figure><\/div>\n\n\n\n<hr class=\"wp-block-separator has-alpha-channel-opacity is-style-wide\"\/>\n\n\n\n<div class=\"wp-block-media-text is-stacked-on-mobile animated backInLeft slower\" style=\"grid-template-columns:19% auto\"><figure class=\"wp-block-media-text__media\"><a href=\"https:\/\/www.facebook.com\/asspenec.iddpmi\" target=\"_blank\" rel=\" noreferrer noopener\"><img loading=\"lazy\" decoding=\"async\" width=\"1024\" height=\"1024\" src=\"https:\/\/iddpmi35c.com\/wp-content\/uploads\/2025\/08\/aspeen-fotor-20250826203935-1024x1024.png\" alt=\"\" class=\"wp-image-173 size-full\" srcset=\"https:\/\/iddpmi35c.com\/wp-content\/uploads\/2025\/08\/aspeen-fotor-20250826203935-1024x1024.png 1024w, https:\/\/iddpmi35c.com\/wp-content\/uploads\/2025\/08\/aspeen-fotor-20250826203935-300x300.png 300w, https:\/\/iddpmi35c.com\/wp-content\/uploads\/2025\/08\/aspeen-fotor-20250826203935-150x150.png 150w, https:\/\/iddpmi35c.com\/wp-content\/uploads\/2025\/08\/aspeen-fotor-20250826203935-768x768.png 768w, https:\/\/iddpmi35c.com\/wp-content\/uploads\/2025\/08\/aspeen-fotor-20250826203935.png 1322w\" sizes=\"auto, (max-width: 1024px) 100vw, 1024px\" \/><\/a><\/figure><div class=\"wp-block-media-text__content\">\n<h3 class=\"wp-block-heading\">TERCER JUEVES DEL MES<\/h3>\n\n\n\n<p>Todos los  terceros Jueves a partir de las 7:30 PM tenemos nuestro servicio dirigido para todos, el cual a su vez, es organizado por el Dpto. de ASSPEN de nuestra congregaci\u00f3n.<\/p>\n<\/div><\/div>\n\n\n\n<hr class=\"wp-block-separator has-alpha-channel-opacity is-style-wide\"\/>\n\n\n\n<div class=\"wp-block-media-text has-media-on-the-right is-stacked-on-mobile animated backInRight slower\" style=\"grid-template-columns:auto 20%\"><div class=\"wp-block-media-text__content\">\n<h3 class=\"wp-block-heading has-text-align-right\">\u00daLTIMO DOMINGO DEL MES<\/h3>\n\n\n\n<p>Todos los \u00faltimos domingos del mes,  a partir de las 8:00 AM y 6:00 PM, tenemos nuestro servicio dirigido para todos, el cual a su vez, es organizado por el Dpto. de Misiones y Evangelismo de nuestra congregaci\u00f3n.<\/p>\n<\/div><figure class=\"wp-block-media-text__media\"><a href=\"https:\/\/www.facebook.com\/profile.php?id=100083189503851\" target=\"_blank\" rel=\" noreferrer noopener\"><img loading=\"lazy\" decoding=\"async\" width=\"294\" height=\"323\" src=\"https:\/\/iddpmi35c.com\/wp-content\/uploads\/2025\/08\/316256583_150543581022003_569692082379755054_n.jpg\" alt=\"\" class=\"wp-image-174 size-full\" srcset=\"https:\/\/iddpmi35c.com\/wp-content\/uploads\/2025\/08\/316256583_150543581022003_569692082379755054_n.jpg 294w, https:\/\/iddpmi35c.com\/wp-content\/uploads\/2025\/08\/316256583_150543581022003_569692082379755054_n-273x300.jpg 273w\" sizes=\"auto, (max-width: 294px) 100vw, 294px\" \/><\/a><\/figure><\/div>\n\n\n\n<hr class=\"wp-block-separator has-alpha-channel-opacity is-style-wide\"\/>\n\n\n\n<div class=\"wp-block-media-text is-stacked-on-mobile animated backInLeft slower\" style=\"grid-template-columns:19% auto\"><figure class=\"wp-block-media-text__media\"><a href=\"https:\/\/www.facebook.com\/profile.php?id=100069861366288\" target=\"_blank\" rel=\" noreferrer noopener\"><img loading=\"lazy\" decoding=\"async\" width=\"912\" height=\"912\" src=\"https:\/\/iddpmi35c.com\/wp-content\/uploads\/2025\/08\/274558703_1090539445124001_6578277352545422931_n-fotor-2025082620501.png\" alt=\"\" class=\"wp-image-175 size-full\" srcset=\"https:\/\/iddpmi35c.com\/wp-content\/uploads\/2025\/08\/274558703_1090539445124001_6578277352545422931_n-fotor-2025082620501.png 912w, https:\/\/iddpmi35c.com\/wp-content\/uploads\/2025\/08\/274558703_1090539445124001_6578277352545422931_n-fotor-2025082620501-300x300.png 300w, https:\/\/iddpmi35c.com\/wp-content\/uploads\/2025\/08\/274558703_1090539445124001_6578277352545422931_n-fotor-2025082620501-150x150.png 150w, https:\/\/iddpmi35c.com\/wp-content\/uploads\/2025\/08\/274558703_1090539445124001_6578277352545422931_n-fotor-2025082620501-768x768.png 768w\" sizes=\"auto, (max-width: 912px) 100vw, 912px\" \/><\/a><\/figure><div class=\"wp-block-media-text__content\">\n<h3 class=\"wp-block-heading\">PEN\u00daLTIMO DOMINGO DE CADA MES<\/h3>\n\n\n\n<p>Todos los \u00faltimos domingos del mes,  a partir de las 8:00 AM y 6:00 PM, tenemos nuestro servicio dirigido para todos, el cual a su vez, es organizado por el Dpto. PROTEMPLO de nuestra congregaci\u00f3n.<\/p>\n<\/div><\/div>\n\n\n\n<hr class=\"wp-block-separator has-alpha-channel-opacity is-style-wide\"\/>\n\n\n\n<div class=\"wp-block-media-text has-media-on-the-right is-stacked-on-mobile animated backInRight slower\" style=\"grid-template-columns:auto 21%\"><div class=\"wp-block-media-text__content\">\n<h3 class=\"wp-block-heading has-text-align-right\">MARTES<\/h3>\n\n\n\n<p>Todos los d\u00edas martes del mes. de 7:00 PM &#8211; 9:00 PM, para ni\u00f1os de 5 a 18 a\u00f1os de edad, aprender\u00e1n t\u00e9cnicas al estilo boy scout acompa\u00f1ado de la ense\u00f1anza de la palabra de Dios impartida por sus comandantes.<\/p>\n<\/div><figure class=\"wp-block-media-text__media\"><img loading=\"lazy\" decoding=\"async\" width=\"577\" height=\"577\" src=\"https:\/\/iddpmi35c.com\/wp-content\/uploads\/2025\/08\/explo-fotor-20250826205621.png\" alt=\"\" class=\"wp-image-177 size-full\" srcset=\"https:\/\/iddpmi35c.com\/wp-content\/uploads\/2025\/08\/explo-fotor-20250826205621.png 577w, https:\/\/iddpmi35c.com\/wp-content\/uploads\/2025\/08\/explo-fotor-20250826205621-300x300.png 300w, https:\/\/iddpmi35c.com\/wp-content\/uploads\/2025\/08\/explo-fotor-20250826205621-150x150.png 150w\" sizes=\"auto, (max-width: 577px) 100vw, 577px\" \/><\/figure><\/div>\n\n\n\n<hr class=\"wp-block-separator has-alpha-channel-opacity is-style-wide\"\/>\n\n\n\n<div class=\"wp-block-media-text is-stacked-on-mobile animated backInLeft slower\" style=\"grid-template-columns:22% auto\"><figure class=\"wp-block-media-text__media\"><img loading=\"lazy\" decoding=\"async\" width=\"469\" height=\"469\" src=\"https:\/\/iddpmi35c.com\/wp-content\/uploads\/2025\/08\/misioneritas-fotor-2025082621433.png\" alt=\"\" class=\"wp-image-178 size-full\" srcset=\"https:\/\/iddpmi35c.com\/wp-content\/uploads\/2025\/08\/misioneritas-fotor-2025082621433.png 469w, https:\/\/iddpmi35c.com\/wp-content\/uploads\/2025\/08\/misioneritas-fotor-2025082621433-300x300.png 300w, https:\/\/iddpmi35c.com\/wp-content\/uploads\/2025\/08\/misioneritas-fotor-2025082621433-150x150.png 150w\" sizes=\"auto, (max-width: 469px) 100vw, 469px\" \/><\/figure><div class=\"wp-block-media-text__content\">\n<h3 class=\"wp-block-heading\">JUEVES<\/h3>\n\n\n\n<p>Las Misioneritas es un lugar donde las ni\u00f1as y jovencitas pueden aprender todo sobre la Biblia, el servicio cristiano, las creencias de la iglesia, el trabajo misionero y c\u00f3mo tener un car\u00e1cter y conducta cristiana en la sociedad. \u00a1Es un entrenamiento integral para el desarrollo en la vida de la ni\u00f1a!<\/p>\n<\/div><\/div>\n\n\n\n<div class=\"wp-block-group alignfull has-ti-fg-alt-color has-ti-bg-inv-background-color has-text-color has-background is-layout-constrained wp-container-core-group-is-layout-b64534c7 wp-block-group-is-layout-constrained\" style=\"padding-top:var(--wp--preset--spacing--80);padding-right:var(--wp--preset--spacing--40);padding-bottom:var(--wp--preset--spacing--80);padding-left:var(--wp--preset--spacing--40)\">\n<div class=\"wp-block-columns is-layout-flex wp-container-core-columns-is-layout-28f84493 wp-block-columns-is-layout-flex\">\n<div class=\"wp-block-column is-layout-flow wp-block-column-is-layout-flow\">\n<h3 class=\"wp-block-heading has-text-align-center\">Visit Us<\/h3>\n\n\n\n<p class=\"has-text-align-center\">Iglesia de Dios Pentecostal M. I.<br>Ubicadas en las Calles 35ava. y la C<\/p>\n\n\n\n<p class=\"has-text-align-center\">Sunday Services: 08H00 y 18H00<br>Whatsapp: (+593) 99 265 0789<br>Email: iddiospmi35@gmail.com<\/p>\n\n\n\n<p class=\"has-text-align-center\">                     Our services<\/p>\n\n\n\n<figure class=\"wp-block-image size-full\"><a href=\"https:\/\/iddpmi35c.com\/\"><img loading=\"lazy\" decoding=\"async\" width=\"384\" height=\"342\" src=\"https:\/\/iddpmi35c.com\/wp-content\/uploads\/2025\/07\/2.png\" alt=\"\" class=\"wp-image-102\" srcset=\"https:\/\/iddpmi35c.com\/wp-content\/uploads\/2025\/07\/2.png 384w, https:\/\/iddpmi35c.com\/wp-content\/uploads\/2025\/07\/2-300x267.png 300w\" sizes=\"auto, (max-width: 384px) 100vw, 384px\" \/><\/a><\/figure>\n<\/div>\n\n\n\n<div class=\"wp-block-column is-layout-flow wp-block-column-is-layout-flow\">\n<h3 class=\"wp-block-heading has-text-align-center\">Quick Links<\/h3>\n\n\n\n<p class=\"has-text-align-center\">About Us<br>Sermons<br>Events<br>Ministries<br>Give &amp; Supp<\/p>\n\n\n\n<div class=\"wp-block-columns is-layout-flex wp-container-core-columns-is-layout-28f84493 wp-block-columns-is-layout-flex\">\n<div class=\"wp-block-column is-layout-flow wp-block-column-is-layout-flow\" style=\"flex-basis:100%\">\n<iframe src=\"https:\/\/www.google.com\/maps\/embed?pb=!1m18!1m12!1m3!1d1993.4221490883965!2d-79.936065730927!3d-2.212382178588101!2m3!1f0!2f0!3f0!3m2!1i1024!2i768!4f13.1!3m3!1m2!1s0x902d71c3c277711d%3A0xa535747da2aa0ea6!2sIDPMI%2035%20Y%20LA%20C!5e0!3m2!1ses-419!2sec!4v1755049093399!5m2!1ses-419!2sec\" width=\"600\" height=\"450\" style=\"border:0;\" allowfullscreen=\"\" loading=\"lazy\" referrerpolicy=\"no-referrer-when-downgrade\"><\/iframe>\n<\/div>\n<\/div>\n\n\n\n<div class=\"wp-block-buttons is-content-justification-center is-layout-flex wp-container-core-buttons-is-layout-a89b3969 wp-block-buttons-is-layout-flex\"><\/div>\n<\/div>\n\n\n\n<div class=\"wp-block-column is-layout-flow wp-block-column-is-layout-flow\">\n<h3 class=\"wp-block-heading has-text-align-center\">Stay Connected<\/h3>\n\n\n\n<p class=\"has-text-align-center\">Subscribe to Our Newsletter<br>Get weekly updates, devotionals, and church news in your inbox.<\/p>\n\n\n\n<p class=\"has-text-align-center\">Subscribe Now<\/p>\n<\/div>\n<\/div>\n\n\n\n<div class=\"wp-block-group is-content-justification-space-between is-nowrap is-layout-flex wp-container-core-group-is-layout-cb46ffcb wp-block-group-is-layout-flex\">\n<p class=\"has-text-align-center has-small-font-size\">Copyright\u00a9 2025 &#8211; Church IDPMI &#8211; Guayaquil, Ecuador<\/p>\n\n\n\n<ul class=\"wp-block-social-links has-icon-color is-style-logos-only is-content-justification-center is-layout-flex wp-container-core-social-links-is-layout-a89b3969 wp-block-social-links-is-layout-flex\"><li style=\"color: #FBFBFB; \" class=\"wp-social-link wp-social-link-facebook has-ti-fg-alt-color wp-block-social-link\"><a href=\"https:\/\/www.facebook.com\/iddpmi35ylac\" class=\"wp-block-social-link-anchor\"><svg width=\"24\" height=\"24\" viewBox=\"0 0 24 24\" version=\"1.1\" xmlns=\"http:\/\/www.w3.org\/2000\/svg\" aria-hidden=\"true\" focusable=\"false\"><path d=\"M12 2C6.5 2 2 6.5 2 12c0 5 3.7 9.1 8.4 9.9v-7H7.9V12h2.5V9.8c0-2.5 1.5-3.9 3.8-3.9 1.1 0 2.2.2 2.2.2v2.5h-1.3c-1.2 0-1.6.8-1.6 1.6V12h2.8l-.4 2.9h-2.3v7C18.3 21.1 22 17 22 12c0-5.5-4.5-10-10-10z\"><\/path><\/svg><span class=\"wp-block-social-link-label screen-reader-text\">https:\/\/www.facebook.com\/iddpmi35ylac<\/span><\/a><\/li>\n\n<li style=\"color: #FBFBFB; \" class=\"wp-social-link wp-social-link-instagram has-ti-fg-alt-color wp-block-social-link\"><a href=\"https:\/\/www.instagram.com\/iddpmi35ylac\/\" class=\"wp-block-social-link-anchor\"><svg width=\"24\" height=\"24\" viewBox=\"0 0 24 24\" version=\"1.1\" xmlns=\"http:\/\/www.w3.org\/2000\/svg\" aria-hidden=\"true\" focusable=\"false\"><path d=\"M12,4.622c2.403,0,2.688,0.009,3.637,0.052c0.877,0.04,1.354,0.187,1.671,0.31c0.42,0.163,0.72,0.358,1.035,0.673 c0.315,0.315,0.51,0.615,0.673,1.035c0.123,0.317,0.27,0.794,0.31,1.671c0.043,0.949,0.052,1.234,0.052,3.637 s-0.009,2.688-0.052,3.637c-0.04,0.877-0.187,1.354-0.31,1.671c-0.163,0.42-0.358,0.72-0.673,1.035 c-0.315,0.315-0.615,0.51-1.035,0.673c-0.317,0.123-0.794,0.27-1.671,0.31c-0.949,0.043-1.233,0.052-3.637,0.052 s-2.688-0.009-3.637-0.052c-0.877-0.04-1.354-0.187-1.671-0.31c-0.42-0.163-0.72-0.358-1.035-0.673 c-0.315-0.315-0.51-0.615-0.673-1.035c-0.123-0.317-0.27-0.794-0.31-1.671C4.631,14.688,4.622,14.403,4.622,12 s0.009-2.688,0.052-3.637c0.04-0.877,0.187-1.354,0.31-1.671c0.163-0.42,0.358-0.72,0.673-1.035 c0.315-0.315,0.615-0.51,1.035-0.673c0.317-0.123,0.794-0.27,1.671-0.31C9.312,4.631,9.597,4.622,12,4.622 M12,3 C9.556,3,9.249,3.01,8.289,3.054C7.331,3.098,6.677,3.25,6.105,3.472C5.513,3.702,5.011,4.01,4.511,4.511 c-0.5,0.5-0.808,1.002-1.038,1.594C3.25,6.677,3.098,7.331,3.054,8.289C3.01,9.249,3,9.556,3,12c0,2.444,0.01,2.751,0.054,3.711 c0.044,0.958,0.196,1.612,0.418,2.185c0.23,0.592,0.538,1.094,1.038,1.594c0.5,0.5,1.002,0.808,1.594,1.038 c0.572,0.222,1.227,0.375,2.185,0.418C9.249,20.99,9.556,21,12,21s2.751-0.01,3.711-0.054c0.958-0.044,1.612-0.196,2.185-0.418 c0.592-0.23,1.094-0.538,1.594-1.038c0.5-0.5,0.808-1.002,1.038-1.594c0.222-0.572,0.375-1.227,0.418-2.185 C20.99,14.751,21,14.444,21,12s-0.01-2.751-0.054-3.711c-0.044-0.958-0.196-1.612-0.418-2.185c-0.23-0.592-0.538-1.094-1.038-1.594 c-0.5-0.5-1.002-0.808-1.594-1.038c-0.572-0.222-1.227-0.375-2.185-0.418C14.751,3.01,14.444,3,12,3L12,3z M12,7.378 c-2.552,0-4.622,2.069-4.622,4.622S9.448,16.622,12,16.622s4.622-2.069,4.622-4.622S14.552,7.378,12,7.378z M12,15 c-1.657,0-3-1.343-3-3s1.343-3,3-3s3,1.343,3,3S13.657,15,12,15z M16.804,6.116c-0.596,0-1.08,0.484-1.08,1.08 s0.484,1.08,1.08,1.08c0.596,0,1.08-0.484,1.08-1.08S17.401,6.116,16.804,6.116z\"><\/path><\/svg><span class=\"wp-block-social-link-label screen-reader-text\">https:\/\/www.instagram.com\/iddpmi35ylac<\/span><\/a><\/li>\n\n<li style=\"color: #FBFBFB; \" class=\"wp-social-link wp-social-link-youtube has-ti-fg-alt-color wp-block-social-link\"><a href=\"https:\/\/www.youtube.com\/@iddpmi35ylac\" class=\"wp-block-social-link-anchor\"><svg width=\"24\" height=\"24\" viewBox=\"0 0 24 24\" version=\"1.1\" xmlns=\"http:\/\/www.w3.org\/2000\/svg\" aria-hidden=\"true\" focusable=\"false\"><path d=\"M21.8,8.001c0,0-0.195-1.378-0.795-1.985c-0.76-0.797-1.613-0.801-2.004-0.847c-2.799-0.202-6.997-0.202-6.997-0.202 h-0.009c0,0-4.198,0-6.997,0.202C4.608,5.216,3.756,5.22,2.995,6.016C2.395,6.623,2.2,8.001,2.2,8.001S2,9.62,2,11.238v1.517 c0,1.618,0.2,3.237,0.2,3.237s0.195,1.378,0.795,1.985c0.761,0.797,1.76,0.771,2.205,0.855c1.6,0.153,6.8,0.201,6.8,0.201 s4.203-0.006,7.001-0.209c0.391-0.047,1.243-0.051,2.004-0.847c0.6-0.607,0.795-1.985,0.795-1.985s0.2-1.618,0.2-3.237v-1.517 C22,9.62,21.8,8.001,21.8,8.001z M9.935,14.594l-0.001-5.62l5.404,2.82L9.935,14.594z\"><\/path><\/svg><span class=\"wp-block-social-link-label screen-reader-text\">YouTube<\/span><\/a><\/li><\/ul>\n<\/div>\n<\/div>\n","protected":false},"excerpt":{"rendered":"<p>MARTES Todos los d\u00edas Martes a partir de las 7:30 PM tenemos nuestro servicio dirigido para todos, el cual a su vez, est\u00e1 organizado por las Damas de nuestra congregaci\u00f3n. JUEVES Todos los d\u00edas Jueves a partir de las 7:30 PM tenemos nuestro servicio dirigido para todos, el cual a su vez, es organizado por [&hellip;]<\/p>\n","protected":false},"author":1,"featured_media":0,"parent":0,"menu_order":0,"comment_status":"closed","ping_status":"closed","template":"","meta":{"_themeisle_gutenberg_block_has_review":false,"footnotes":""},"class_list":["post-150","page","type-page","status-publish","hentry"],"_links":{"self":[{"href":"https:\/\/iddpmi35c.com\/index.php?rest_route=\/wp\/v2\/pages\/150","targetHints":{"allow":["GET"]}}],"collection":[{"href":"https:\/\/iddpmi35c.com\/index.php?rest_route=\/wp\/v2\/pages"}],"about":[{"href":"https:\/\/iddpmi35c.com\/index.php?rest_route=\/wp\/v2\/types\/page"}],"author":[{"embeddable":true,"href":"https:\/\/iddpmi35c.com\/index.php?rest_route=\/wp\/v2\/users\/1"}],"replies":[{"embeddable":true,"href":"https:\/\/iddpmi35c.com\/index.php?rest_route=%2Fwp%2Fv2%2Fcomments&post=150"}],"version-history":[{"count":16,"href":"https:\/\/iddpmi35c.com\/index.php?rest_route=\/wp\/v2\/pages\/150\/revisions"}],"predecessor-version":[{"id":259,"href":"https:\/\/iddpmi35c.com\/index.php?rest_route=\/wp\/v2\/pages\/150\/revisions\/259"}],"wp:attachment":[{"href":"https:\/\/iddpmi35c.com\/index.php?rest_route=%2Fwp%2Fv2%2Fmedia&parent=150"}],"curies":[{"name":"wp","href":"https:\/\/api.w.org\/{rel}","templated":true}]}}