{"id":2,"date":"2024-07-22T00:39:55","date_gmt":"2024-07-22T00:39:55","guid":{"rendered":"https:\/\/iddpmi35c.com\/home\/iddpmi35c\/public_html\/?page_id=2"},"modified":"2025-10-05T18:55:24","modified_gmt":"2025-10-05T18:55:24","slug":"quienes-somos","status":"publish","type":"page","link":"https:\/\/iddpmi35c.com\/?page_id=2","title":{"rendered":"\u00bfQUI\u00c9NES SOMOS?"},"content":{"rendered":"\n<p><\/p>\n\n\n<div class=\"aligncenter animated fadeInUp wp-block-site-logo\"><a href=\"https:\/\/iddpmi35c.com\/\" class=\"custom-logo-link\" rel=\"home\"><img loading=\"lazy\" decoding=\"async\" width=\"118\" height=\"120\" src=\"https:\/\/iddpmi35c.com\/wp-content\/uploads\/2025\/07\/LOGO-IDIOSPEN-MI.png\" class=\"custom-logo\" alt=\"Iglesia de Dios Pentecostal M.I. \" srcset=\"https:\/\/iddpmi35c.com\/wp-content\/uploads\/2025\/07\/LOGO-IDIOSPEN-MI.png 2228w, https:\/\/iddpmi35c.com\/wp-content\/uploads\/2025\/07\/LOGO-IDIOSPEN-MI-294x300.png 294w, https:\/\/iddpmi35c.com\/wp-content\/uploads\/2025\/07\/LOGO-IDIOSPEN-MI-1005x1024.png 1005w, https:\/\/iddpmi35c.com\/wp-content\/uploads\/2025\/07\/LOGO-IDIOSPEN-MI-768x783.png 768w, https:\/\/iddpmi35c.com\/wp-content\/uploads\/2025\/07\/LOGO-IDIOSPEN-MI-1507x1536.png 1507w, https:\/\/iddpmi35c.com\/wp-content\/uploads\/2025\/07\/LOGO-IDIOSPEN-MI-2009x2048.png 2009w\" sizes=\"auto, (max-width: 118px) 100vw, 118px\" \/><\/a><\/div>\n\n<h1 class=\"has-text-align-center animated fadeInUp wp-block-site-title\"><a href=\"https:\/\/iddpmi35c.com\" target=\"_self\" rel=\"home\">Iglesia de Dios Pentecostal M.I. <\/a><\/h1>\n\n\n<div class=\"wp-block-group alignwide is-content-justification-space-between is-nowrap is-layout-flex wp-container-core-group-is-layout-cb46ffcb wp-block-group-is-layout-flex\">\n<div class=\"wp-block-group is-nowrap is-layout-flex wp-container-core-group-is-layout-fc054d2d wp-block-group-is-layout-flex\"><\/div>\n\n\n\n<div class=\"wp-block-group is-nowrap is-layout-flex wp-container-core-group-is-layout-6c531013 wp-block-group-is-layout-flex\">\n<div class=\"wp-block-columns is-layout-flex wp-container-core-columns-is-layout-28f84493 wp-block-columns-is-layout-flex\">\n<div class=\"wp-block-column is-layout-flow wp-block-column-is-layout-flow\" style=\"flex-basis:100%\">\n<div class=\"wp-block-columns is-layout-flex wp-container-core-columns-is-layout-28f84493 wp-block-columns-is-layout-flex\">\n<div class=\"wp-block-column is-layout-flow wp-block-column-is-layout-flow\" style=\"flex-basis:100%\">\n<div class=\"wp-block-group is-layout-constrained wp-block-group-is-layout-constrained\">\n<div class=\"wp-block-columns is-layout-flex wp-container-core-columns-is-layout-28f84493 wp-block-columns-is-layout-flex\">\n<div class=\"wp-block-column is-layout-flow wp-block-column-is-layout-flow\" style=\"flex-basis:100%\"><\/div>\n<\/div>\n<\/div>\n<\/div>\n<\/div>\n<\/div>\n<\/div>\n<\/div>\n<\/div>\n\n\n\n<blockquote class=\"wp-block-quote is-layout-flow wp-block-quote-is-layout-flow\">\n<p class=\"animated fadeInLeft slower\"><font dir=\"auto\" style=\"vertical-align: inherit;\"><font dir=\"auto\" style=\"vertical-align: inherit;\">&#8221; <\/font><\/font><em><font dir=\"auto\" style=\"vertical-align: inherit;\"><font dir=\"auto\" style=\"vertical-align: inherit;\">Por tanto, id, y haced disc\u00edpulos a todas las naciones, bautiz\u00e1ndolos en el nombre del Padre, y del Hijo, y del Esp\u00edritu Santo; ense\u00f1\u00e1ndoles que guarden todas las cosas que os he mandado; y he aqu\u00ed yo estoy con vosotros todos los d\u00edas, hasta el fin del mundo. Am\u00e9n.<\/font><\/font><\/em><font dir=\"auto\" style=\"vertical-align: inherit;\"><font dir=\"auto\" style=\"vertical-align: inherit;\"> &#8220;<\/font><\/font><em> <\/em><\/p>\n\n\n\n<p class=\"animated fadeInLeft slower\"><em>-Mateo 28:19-20-<\/em><\/p>\n<\/blockquote>\n\n\n\n<p><\/p>\n\n\n\n<div class=\"wp-block-group alignfull has-ti-bg-alt-background-color has-background is-layout-constrained wp-container-core-group-is-layout-5edc43e1 wp-block-group-is-layout-constrained\" style=\"margin-top:0px;margin-bottom:0px;padding-top:64px;padding-bottom:64px;background-image:url(&#039;https:\/\/iddpmi35c.com\/wp-content\/themes\/church-fse\/assets\/img\/church-fse-5.webp&#039;);background-position:51% 90%;background-size:cover;\">\n<div class=\"wp-block-columns alignwide is-layout-flex wp-container-core-columns-is-layout-28f84493 wp-block-columns-is-layout-flex\">\n<div class=\"wp-block-column is-vertically-aligned-top is-layout-flow wp-block-column-is-layout-flow\">\n<div class=\"wp-block-group is-content-justification-left is-layout-constrained wp-container-core-group-is-layout-12dd3699 wp-block-group-is-layout-constrained\">\n<p class=\"has-ti-accent-color has-text-color has-link-color has-small-font-size wp-elements-8529c69985a86a79c52b86ed5a3141d4\" style=\"text-transform:uppercase\"><strong>NUESTRA HISTORIA<\/strong><\/p>\n\n\n\n<h2 class=\"wp-block-heading animated fadeInLeft slower\">RESE\u00d1A HIST\u00d3RICA<\/h2>\n\n\n\n<hr class=\"wp-block-separator has-text-color has-ti-accent-color has-alpha-channel-opacity has-ti-accent-background-color has-background animated fadeInLeft slower\"\/>\n\n\n\n<p class=\"has-text-align-left animated fadeInLeft slower\"><font dir=\"auto\" style=\"vertical-align: inherit;\"><font dir=\"auto\" style=\"vertical-align: inherit;\">En el a\u00f1o 1968 esta congregaci\u00f3n la dirig\u00eda el hermano Pedro Vera, y no estaba afiliada a ninguna otra Oranizaci\u00f3n. Seg\u00fan la historia, dada la amistad que exist\u00eda entre el hermano Victor Bayas y el hermano Pedro Vera, el hermano misionero Justiniano fue invitado por estos hermanos para realizar una visita a la iglesia que estaba ubicada en las calles 35 y la C, en el suburbio oeste de Guayaquil para ver la posibilidad de afiliar a esta iglesia a la Iglesia de Dios Pentecostal.<\/font><\/font><\/p>\n\n\n\n<p class=\"animated fadeInLeft slower\"><font dir=\"auto\" style=\"vertical-align: inherit;\"><font dir=\"auto\" style=\"vertical-align: inherit;\">Por cuanto el Pastor Pedro Vera, estaba atravesando algunos inconvenientes personales decide en com\u00fan acuerdo con la congregaci\u00f3n entregar la grey al Misionero Justiniano, quien a su vez deleg\u00f3 al hermano Victor Piloso, pero \u00e9l estuvo solamente unos meses, as\u00ed mismo el misionero Justiniano la dirigi\u00f3 otros meses, finalmente le propuso al hno. Milton Herrera Fern\u00e1ndez (junio 1972-mayo 1973). Hasta que el hermano Milton Herrera tuvo que dejar la congregaci\u00f3n para asistir a cumplir con el servicio militar obligatorio. Lo reemplaz\u00f3 el hermano Victor Bayas, como pastor en la iglesia de las calles 35 y la C. (1973.1979), en el a\u00f1o de 1979 hasta 1982 fue pastoreada por el Rvdo. Luis Rosado hasta que en e\u00f1o de 1983 vuelve a pastorear el hno. Milt\u00f3n Herrera.<\/font><\/font><\/p>\n\n\n\n<details class=\"wp-block-details animated fadeInLeft is-layout-flow wp-block-details-is-layout-flow\"><summary>Leer m\u00e1s<\/summary>\n<p>Desde el a\u00f1o 1995 hasta el 1998 esta congregaci\u00f3nfue dirigida un tiempo por la junta local, otro tiempo por elmisionero Israel Irizarry y cerca de dos a\u00f1os por el hermano Jos\u00e9 Boh\u00f3rquez. Finalmente en el a\u00f1o 1998 el hermano Milton Herrera F. regresa a dirigir esta iglesia hasta el a\u00f1o 2018, en el cual llega a liderar el actual pastor H\u00e9ctor Herrera (2018 &#8211; Actualidad). De esta congregaci\u00f3n han salido Pastores, Evangelistas, Misioneros, Misioneras, Maestros, M\u00fasicos. Tenemos un edificio funcional y pedag\u00f3gico donde funciona la iglesia, una escuela &#8220;Monte Carmelo&#8221; y una extensi\u00f3n del instituto B\u00edblico Mizpa.<\/p>\n<\/details>\n\n\n\n<p class=\"animated fadeInLeft slower\"><font dir=\"auto\" style=\"vertical-align: inherit;\"><font dir=\"auto\" style=\"vertical-align: inherit;\">Nosotros somos parte de la <\/font><a href=\"https:\/\/iddpmiecuador.com\/\"><strong><font dir=\"auto\" style=\"vertical-align: inherit;\">Iglesia de Dios Pentecostal MI &#8211; Regi\u00f3n Ecuador<\/font><\/strong><\/a><\/font><strong> <\/strong><a href=\"https:\/\/iddpmiecuador.com\/\"><strong><font dir=\"auto\" style=\"vertical-align: inherit;\"><\/font><\/strong><\/a><\/p>\n<\/div>\n<\/div>\n\n\n\n<div class=\"wp-block-column is-layout-flow wp-block-column-is-layout-flow\">\n<figure class=\"wp-block-image size-full has-custom-border animated fadeInRight slower\"><img loading=\"lazy\" decoding=\"async\" width=\"616\" height=\"823\" src=\"https:\/\/iddpmi35c.com\/wp-content\/uploads\/2025\/07\/Captura-de-pantalla-2025-08-04-180628.jpg\" alt=\"\" class=\"wp-image-58\" style=\"border-radius:8px;aspect-ratio:3\/4;object-fit:cover\" srcset=\"https:\/\/iddpmi35c.com\/wp-content\/uploads\/2025\/07\/Captura-de-pantalla-2025-08-04-180628.jpg 616w, https:\/\/iddpmi35c.com\/wp-content\/uploads\/2025\/07\/Captura-de-pantalla-2025-08-04-180628-225x300.jpg 225w\" sizes=\"auto, (max-width: 616px) 100vw, 616px\" \/><\/figure>\n<\/div>\n<\/div>\n<\/div>\n","protected":false},"excerpt":{"rendered":"<p>&#8221; Por tanto, id, y haced disc\u00edpulos a todas las naciones, bautiz\u00e1ndolos en el nombre del Padre, y del Hijo, y del Esp\u00edritu Santo; ense\u00f1\u00e1ndoles que guarden todas las cosas que os he mandado; y he aqu\u00ed yo estoy con vosotros todos los d\u00edas, hasta el fin del mundo. Am\u00e9n. &#8220; -Mateo 28:19-20- NUESTRA HISTORIA [&hellip;]<\/p>\n","protected":false},"author":1,"featured_media":0,"parent":0,"menu_order":0,"comment_status":"closed","ping_status":"closed","template":"","meta":{"_themeisle_gutenberg_block_has_review":false,"footnotes":""},"class_list":["post-2","page","type-page","status-publish","hentry"],"_links":{"self":[{"href":"https:\/\/iddpmi35c.com\/index.php?rest_route=\/wp\/v2\/pages\/2","targetHints":{"allow":["GET"]}}],"collection":[{"href":"https:\/\/iddpmi35c.com\/index.php?rest_route=\/wp\/v2\/pages"}],"about":[{"href":"https:\/\/iddpmi35c.com\/index.php?rest_route=\/wp\/v2\/types\/page"}],"author":[{"embeddable":true,"href":"https:\/\/iddpmi35c.com\/index.php?rest_route=\/wp\/v2\/users\/1"}],"replies":[{"embeddable":true,"href":"https:\/\/iddpmi35c.com\/index.php?rest_route=%2Fwp%2Fv2%2Fcomments&post=2"}],"version-history":[{"count":22,"href":"https:\/\/iddpmi35c.com\/index.php?rest_route=\/wp\/v2\/pages\/2\/revisions"}],"predecessor-version":[{"id":250,"href":"https:\/\/iddpmi35c.com\/index.php?rest_route=\/wp\/v2\/pages\/2\/revisions\/250"}],"wp:attachment":[{"href":"https:\/\/iddpmi35c.com\/index.php?rest_route=%2Fwp%2Fv2%2Fmedia&parent=2"}],"curies":[{"name":"wp","href":"https:\/\/api.w.org\/{rel}","templated":true}]}}